{"id":52,"date":"2020-05-05T13:31:10","date_gmt":"2020-05-05T13:31:10","guid":{"rendered":"http:\/\/www.plaustajner.si\/si\/?page_id=52"},"modified":"2023-10-04T16:01:47","modified_gmt":"2023-10-04T16:01:47","slug":"domov","status":"publish","type":"page","link":"https:\/\/www.plaustajner.si\/si\/","title":{"rendered":"Domov"},"content":{"rendered":"\t\t<div data-elementor-type=\"wp-page\" data-elementor-id=\"52\" class=\"elementor elementor-52\">\n\t\t\t\t\t\t<section class=\"elementor-section elementor-top-section elementor-element elementor-element-2ac44e1 elementor-section-boxed elementor-section-height-default elementor-section-height-default\" data-id=\"2ac44e1\" data-element_type=\"section\">\n\t\t\t\t\t\t<div class=\"elementor-container elementor-column-gap-default\">\n\t\t\t\t\t<div class=\"elementor-column elementor-col-100 elementor-top-column elementor-element elementor-element-fbe52f4\" data-id=\"fbe52f4\" data-element_type=\"column\">\n\t\t\t<div class=\"elementor-widget-wrap elementor-element-populated\">\n\t\t\t\t\t\t<div class=\"elementor-element elementor-element-bd2d31f elementor-widget elementor-widget-spacer\" data-id=\"bd2d31f\" data-element_type=\"widget\" data-widget_type=\"spacer.default\">\n\t\t\t\t<div class=\"elementor-widget-container\">\n\t\t\t\t\t\t\t<div class=\"elementor-spacer\">\n\t\t\t<div class=\"elementor-spacer-inner\"><\/div>\n\t\t<\/div>\n\t\t\t\t\t\t<\/div>\n\t\t\t\t<\/div>\n\t\t\t\t<div class=\"elementor-element elementor-element-ab1a1cb elementor-widget elementor-widget-spacer\" data-id=\"ab1a1cb\" data-element_type=\"widget\" data-widget_type=\"spacer.default\">\n\t\t\t\t<div class=\"elementor-widget-container\">\n\t\t\t\t\t\t\t<div class=\"elementor-spacer\">\n\t\t\t<div class=\"elementor-spacer-inner\"><\/div>\n\t\t<\/div>\n\t\t\t\t\t\t<\/div>\n\t\t\t\t<\/div>\n\t\t\t\t\t<\/div>\n\t\t<\/div>\n\t\t\t\t\t<\/div>\n\t\t<\/section>\n\t\t\t\t<section class=\"elementor-section elementor-top-section elementor-element elementor-element-d5397a9 elementor-section-boxed elementor-section-height-default elementor-section-height-default\" data-id=\"d5397a9\" data-element_type=\"section\">\n\t\t\t\t\t\t<div class=\"elementor-container elementor-column-gap-default\">\n\t\t\t\t\t<div class=\"elementor-column elementor-col-50 elementor-top-column elementor-element elementor-element-461678f\" data-id=\"461678f\" data-element_type=\"column\" data-settings=\"{&quot;background_background&quot;:&quot;classic&quot;}\">\n\t\t\t<div class=\"elementor-widget-wrap\">\n\t\t\t\t\t\t\t<\/div>\n\t\t<\/div>\n\t\t\t\t<div class=\"elementor-column elementor-col-50 elementor-top-column elementor-element elementor-element-7654539\" data-id=\"7654539\" data-element_type=\"column\">\n\t\t\t<div class=\"elementor-widget-wrap elementor-element-populated\">\n\t\t\t\t\t\t<div class=\"elementor-element elementor-element-9829c55 elementor-widget elementor-widget-text-editor\" data-id=\"9829c55\" data-element_type=\"widget\" data-widget_type=\"text-editor.default\">\n\t\t\t\t<div class=\"elementor-widget-container\">\n\t\t\t\t\t\t\t\t\t<p>Odvetnica Petja Plau\u0161tajner kot prevzemnica pisarne po doc. dr. Konradu Plau\u0161tajnerju nadaljuje bogato odvetni\u0161ko tradicijo celjske rodbine Hra\u0161ovec. Odvetni\u0161ko pisarno Plau\u0161tajner je odvetnik doc. dr. Konrad Plau\u0161tajner odprl l. 1970 najprej v \u017dalcu, nato pa je l. 1973 v Celju prevzel pisarno odvetnika dr. Milka Hra\u0161ovca v Celju. Po 34 letih delovanja v Celju odvetni\u0161ka pisarna Plau\u0161tajner od<span class=\"Apple-converted-space\">\u00a0 <\/span>l. 2007 deluje v Ljubljani.<\/p><p>Kot buti\u010dna pisarna, odvetni\u0161ka pisarna <b>PLAU\u0160TAJNER<\/b> z vklju\u010devanjem mladih evropsko orientiranih in izobra\u017eenih pravnikov tradicijo povezujemo s sedanjostjo in zremo v prihodnost. Ta temelji na specialisti\u010dnem strokovnem znanju, zagotavljanju strankam individualen in odvetnikov oseben pristop k re\u0161evanju zadeve, kot tudi na predanosti temeljnim eti\u010dnim vrednotam in poslanstvu odvetni\u0161kega poklica. Vse to so na\u0161a vodila pri vsakdanjem delu.<\/p><p>Pri re\u0161evanju va\u0161ih pravnih problemov vam pomagamo na razli\u010dnih pravnih podro\u010djih, s temeljitim, analiti\u010dnim in individualnim pristopom, ter tako v sodelovanju s stranko posku\u0161amo poiskati re\u0161itev po meri konkretnega pravnega problema.<\/p><p><i>Kot prevzemnica odvetni\u0161ke pisarne po doc. dr. Konradu Plau\u0161tajnerju je odvetnica Petja Plau\u0161tajner prevzela v hrambo vse oporoke, ki so bile zapisane pri odvetniku dr. Konradu Plau\u0161tajnerju.<\/i><\/p>\t\t\t\t\t\t\t\t<\/div>\n\t\t\t\t<\/div>\n\t\t\t\t\t<\/div>\n\t\t<\/div>\n\t\t\t\t\t<\/div>\n\t\t<\/section>\n\t\t\t\t<section class=\"elementor-section elementor-top-section elementor-element elementor-element-33df9df elementor-section-boxed elementor-section-height-default elementor-section-height-default\" data-id=\"33df9df\" data-element_type=\"section\">\n\t\t\t\t\t\t<div class=\"elementor-container elementor-column-gap-default\">\n\t\t\t\t\t<div class=\"elementor-column elementor-col-100 elementor-top-column elementor-element elementor-element-ea60b99\" data-id=\"ea60b99\" data-element_type=\"column\">\n\t\t\t<div class=\"elementor-widget-wrap elementor-element-populated\">\n\t\t\t\t\t\t<div class=\"elementor-element elementor-element-885507f elementor-widget elementor-widget-spacer\" data-id=\"885507f\" data-element_type=\"widget\" data-widget_type=\"spacer.default\">\n\t\t\t\t<div class=\"elementor-widget-container\">\n\t\t\t\t\t\t\t<div class=\"elementor-spacer\">\n\t\t\t<div class=\"elementor-spacer-inner\"><\/div>\n\t\t<\/div>\n\t\t\t\t\t\t<\/div>\n\t\t\t\t<\/div>\n\t\t\t\t\t<\/div>\n\t\t<\/div>\n\t\t\t\t\t<\/div>\n\t\t<\/section>\n\t\t\t\t<section class=\"elementor-section elementor-top-section elementor-element elementor-element-be19c8e elementor-section-boxed elementor-section-height-default elementor-section-height-default\" data-id=\"be19c8e\" data-element_type=\"section\">\n\t\t\t\t\t\t<div class=\"elementor-container elementor-column-gap-default\">\n\t\t\t\t\t<div class=\"elementor-column elementor-col-100 elementor-top-column elementor-element elementor-element-ee708ec\" data-id=\"ee708ec\" data-element_type=\"column\">\n\t\t\t<div class=\"elementor-widget-wrap elementor-element-populated\">\n\t\t\t\t\t\t<div class=\"elementor-element elementor-element-5cd6d04 elementor-widget elementor-widget-spacer\" data-id=\"5cd6d04\" data-element_type=\"widget\" data-widget_type=\"spacer.default\">\n\t\t\t\t<div class=\"elementor-widget-container\">\n\t\t\t\t\t\t\t<div class=\"elementor-spacer\">\n\t\t\t<div class=\"elementor-spacer-inner\"><\/div>\n\t\t<\/div>\n\t\t\t\t\t\t<\/div>\n\t\t\t\t<\/div>\n\t\t\t\t\t<\/div>\n\t\t<\/div>\n\t\t\t\t\t<\/div>\n\t\t<\/section>\n\t\t\t\t<\/div>\n\t\t","protected":false},"excerpt":{"rendered":"<p>Odvetnica Petja Plau\u0161tajner kot prevzemnica pisarne po doc. dr. Konradu Plau\u0161tajnerju nadaljuje bogato odvetni\u0161ko tradicijo celjske rodbine Hra\u0161ovec. Odvetni\u0161ko pisarno Plau\u0161tajner je odvetnik doc. dr. Konrad Plau\u0161tajner odprl l. 1970 najprej v \u017dalcu, nato pa je l. 1973 v Celju &hellip; <a href=\"https:\/\/www.plaustajner.si\/si\/\">Read More<\/a><\/p>\n","protected":false},"author":1,"featured_media":0,"parent":0,"menu_order":0,"comment_status":"closed","ping_status":"closed","template":"","meta":{"footnotes":""},"class_list":["post-52","page","type-page","status-publish","hentry"],"_links":{"self":[{"href":"http:\/\/www.plaustajner.si\/si\/wp-json\/wp\/v2\/pages\/52","targetHints":{"allow":["GET"]}}],"collection":[{"href":"http:\/\/www.plaustajner.si\/si\/wp-json\/wp\/v2\/pages"}],"about":[{"href":"http:\/\/www.plaustajner.si\/si\/wp-json\/wp\/v2\/types\/page"}],"author":[{"embeddable":true,"href":"http:\/\/www.plaustajner.si\/si\/wp-json\/wp\/v2\/users\/1"}],"replies":[{"embeddable":true,"href":"http:\/\/www.plaustajner.si\/si\/wp-json\/wp\/v2\/comments?post=52"}],"version-history":[{"count":36,"href":"http:\/\/www.plaustajner.si\/si\/wp-json\/wp\/v2\/pages\/52\/revisions"}],"predecessor-version":[{"id":543,"href":"http:\/\/www.plaustajner.si\/si\/wp-json\/wp\/v2\/pages\/52\/revisions\/543"}],"wp:attachment":[{"href":"http:\/\/www.plaustajner.si\/si\/wp-json\/wp\/v2\/media?parent=52"}],"curies":[{"name":"wp","href":"https:\/\/api.w.org\/{rel}","templated":true}]}}