{"id":95,"date":"2020-05-05T18:12:27","date_gmt":"2020-05-05T18:12:27","guid":{"rendered":"http:\/\/www.plaustajner.si\/si\/?page_id=95"},"modified":"2023-09-19T13:21:27","modified_gmt":"2023-09-19T13:21:27","slug":"home-de","status":"publish","type":"page","link":"https:\/\/www.plaustajner.si\/si\/de\/home-de\/","title":{"rendered":"HOME-DE"},"content":{"rendered":"\t\t<div data-elementor-type=\"wp-page\" data-elementor-id=\"95\" class=\"elementor elementor-95\">\n\t\t\t\t\t\t<section class=\"elementor-section elementor-top-section elementor-element elementor-element-b4cfa69 elementor-section-boxed elementor-section-height-default elementor-section-height-default\" data-id=\"b4cfa69\" data-element_type=\"section\">\n\t\t\t\t\t\t<div class=\"elementor-container elementor-column-gap-default\">\n\t\t\t\t\t<div class=\"elementor-column elementor-col-100 elementor-top-column elementor-element elementor-element-7ca7dcd\" data-id=\"7ca7dcd\" data-element_type=\"column\">\n\t\t\t<div class=\"elementor-widget-wrap elementor-element-populated\">\n\t\t\t\t\t\t<div class=\"elementor-element elementor-element-30d97de elementor-widget elementor-widget-spacer\" data-id=\"30d97de\" data-element_type=\"widget\" data-widget_type=\"spacer.default\">\n\t\t\t\t<div class=\"elementor-widget-container\">\n\t\t\t\t\t\t\t<div class=\"elementor-spacer\">\n\t\t\t<div class=\"elementor-spacer-inner\"><\/div>\n\t\t<\/div>\n\t\t\t\t\t\t<\/div>\n\t\t\t\t<\/div>\n\t\t\t\t<div class=\"elementor-element elementor-element-cd358a3 elementor-widget elementor-widget-spacer\" data-id=\"cd358a3\" data-element_type=\"widget\" data-widget_type=\"spacer.default\">\n\t\t\t\t<div class=\"elementor-widget-container\">\n\t\t\t\t\t\t\t<div class=\"elementor-spacer\">\n\t\t\t<div class=\"elementor-spacer-inner\"><\/div>\n\t\t<\/div>\n\t\t\t\t\t\t<\/div>\n\t\t\t\t<\/div>\n\t\t\t\t\t<\/div>\n\t\t<\/div>\n\t\t\t\t\t<\/div>\n\t\t<\/section>\n\t\t\t\t<section class=\"elementor-section elementor-top-section elementor-element elementor-element-c905936 elementor-section-boxed elementor-section-height-default elementor-section-height-default\" data-id=\"c905936\" data-element_type=\"section\">\n\t\t\t\t\t\t<div class=\"elementor-container elementor-column-gap-default\">\n\t\t\t\t\t<div class=\"elementor-column elementor-col-50 elementor-top-column elementor-element elementor-element-cb4f96d\" data-id=\"cb4f96d\" data-element_type=\"column\" data-settings=\"{&quot;background_background&quot;:&quot;classic&quot;}\">\n\t\t\t<div class=\"elementor-widget-wrap\">\n\t\t\t\t\t\t\t<\/div>\n\t\t<\/div>\n\t\t\t\t<div class=\"elementor-column elementor-col-50 elementor-top-column elementor-element elementor-element-ecc6594\" data-id=\"ecc6594\" data-element_type=\"column\">\n\t\t\t<div class=\"elementor-widget-wrap elementor-element-populated\">\n\t\t\t\t\t\t<div class=\"elementor-element elementor-element-0cf8bb6 elementor-widget elementor-widget-text-editor\" data-id=\"0cf8bb6\" data-element_type=\"widget\" data-widget_type=\"text-editor.default\">\n\t\t\t\t<div class=\"elementor-widget-container\">\n\t\t\t\t\t\t\t\t\t<p>Die <b>Rechtsanwaltskanzlei PLAUSTAJNER<\/b> hat eine lange Tradition. Dr. Konrad Plaustajner gr\u00fcndete 1970 die Anwaltskanzlei Plaustajner, zuerst in \u017dalec, und 1973 \u00fcbernahm er die Anwaltskanzlei von Dr. Milko Hrasovec in Celje. Nach 34 Jahren T\u00e4tigkeit in Celje ist die Anwaltskanzlei Plaustajner seit 2007 in Ljubljana t\u00e4tig und wurde in 2022 von Petja Plaustajner \u00fcbernommen. Die Anwaltskanzlei Plaustajner kann auf eine mehr als 50-j\u00e4hrige Tradition und Erfahrung zur\u00fcckblicken.<\/p><p>Die <b>Rechtsanwaltskanzlei PLAUSTAJNER<\/b> hat jedoch nicht nur Tradition und eine erfolgreiche Gegenwart, sondern bestrebt sich auch durch die Einbeziehung europ\u00e4isch orientierter und exzellent ausgebildeter Nachwuchsjuristen ihre Zukunft zu sichern. Diese soll auf Expertenwissen, einer individuellen Herangehensweise an die jeweiligen Bed\u00fcrfnisse der Klienten, der professionellen und doch pers\u00f6nlichen Vorgehensweise des Anwalts bei der Regelung einer Sache, sowie auf der Hingabe zu den grundlegenden Werten und zur besonderen Sendung des Rechtsanwaltsberufes basieren.<\/p>\t\t\t\t\t\t\t\t<\/div>\n\t\t\t\t<\/div>\n\t\t\t\t\t<\/div>\n\t\t<\/div>\n\t\t\t\t\t<\/div>\n\t\t<\/section>\n\t\t\t\t<section class=\"elementor-section elementor-top-section elementor-element elementor-element-06301cc elementor-section-boxed elementor-section-height-default elementor-section-height-default\" data-id=\"06301cc\" data-element_type=\"section\">\n\t\t\t\t\t\t<div class=\"elementor-container elementor-column-gap-default\">\n\t\t\t\t\t<div class=\"elementor-column elementor-col-100 elementor-top-column elementor-element elementor-element-927894f\" data-id=\"927894f\" data-element_type=\"column\">\n\t\t\t<div class=\"elementor-widget-wrap elementor-element-populated\">\n\t\t\t\t\t\t<div class=\"elementor-element elementor-element-5cd6d04 elementor-widget elementor-widget-spacer\" data-id=\"5cd6d04\" data-element_type=\"widget\" data-widget_type=\"spacer.default\">\n\t\t\t\t<div class=\"elementor-widget-container\">\n\t\t\t\t\t\t\t<div class=\"elementor-spacer\">\n\t\t\t<div class=\"elementor-spacer-inner\"><\/div>\n\t\t<\/div>\n\t\t\t\t\t\t<\/div>\n\t\t\t\t<\/div>\n\t\t\t\t\t<\/div>\n\t\t<\/div>\n\t\t\t\t\t<\/div>\n\t\t<\/section>\n\t\t\t\t<\/div>\n\t\t","protected":false},"excerpt":{"rendered":"<p>Die Rechtsanwaltskanzlei PLAUSTAJNER hat eine lange Tradition. Dr. Konrad Plaustajner gr\u00fcndete 1970 die Anwaltskanzlei Plaustajner, zuerst in \u017dalec, und 1973 \u00fcbernahm er die Anwaltskanzlei von Dr. Milko Hrasovec in Celje. Nach 34 Jahren T\u00e4tigkeit in Celje ist die Anwaltskanzlei Plaustajner &hellip; <a href=\"https:\/\/www.plaustajner.si\/si\/de\/home-de\/\">Read More<\/a><\/p>\n","protected":false},"author":1,"featured_media":0,"parent":0,"menu_order":0,"comment_status":"closed","ping_status":"closed","template":"","meta":{"footnotes":""},"class_list":["post-95","page","type-page","status-publish","hentry"],"_links":{"self":[{"href":"https:\/\/www.plaustajner.si\/si\/wp-json\/wp\/v2\/pages\/95","targetHints":{"allow":["GET"]}}],"collection":[{"href":"https:\/\/www.plaustajner.si\/si\/wp-json\/wp\/v2\/pages"}],"about":[{"href":"https:\/\/www.plaustajner.si\/si\/wp-json\/wp\/v2\/types\/page"}],"author":[{"embeddable":true,"href":"https:\/\/www.plaustajner.si\/si\/wp-json\/wp\/v2\/users\/1"}],"replies":[{"embeddable":true,"href":"https:\/\/www.plaustajner.si\/si\/wp-json\/wp\/v2\/comments?post=95"}],"version-history":[{"count":9,"href":"https:\/\/www.plaustajner.si\/si\/wp-json\/wp\/v2\/pages\/95\/revisions"}],"predecessor-version":[{"id":536,"href":"https:\/\/www.plaustajner.si\/si\/wp-json\/wp\/v2\/pages\/95\/revisions\/536"}],"wp:attachment":[{"href":"https:\/\/www.plaustajner.si\/si\/wp-json\/wp\/v2\/media?parent=95"}],"curies":[{"name":"wp","href":"https:\/\/api.w.org\/{rel}","templated":true}]}}